{"id":13,"date":"2018-02-10T02:14:35","date_gmt":"2018-02-10T02:14:35","guid":{"rendered":"http:\/\/sielbra.com.br\/?page_id=13"},"modified":"2018-02-10T02:47:12","modified_gmt":"2018-02-10T02:47:12","slug":"incentivos","status":"publish","type":"page","link":"https:\/\/sielbra.com.br\/?page_id=13","title":{"rendered":"Incentivos"},"content":{"rendered":"<div id=\"page\" class=\"hfeed site\">\n<div id=\"content\" class=\"site-content\">\n<div class=\"content-wrapper without-featured-image\">\n<div id=\"primary\" class=\"content-area\">\n<article id=\"post-68\" class=\"post-68 page type-page status-publish hentry without-featured-image\">\n<header class=\"entry-header\">\n<p class=\"entry-title\">Sua empresa ou associa\u00e7\u00e3o poder\u00e1 se beneficiar de descontos, em fun\u00e7\u00e3o da quantidade de cursos contratados e da necessidade de atualiza\u00e7\u00e3o de seus colaboradores.<\/p>\n<\/header>\n<div class=\"entry-content\">\n<p>Como fidelidade, quem faz um segundo curso livre pode usufruir de desconto de 10%.<\/p>\n<p>Para mais informa\u00e7\u00f5es, entre em <a href=\"sielbra@sielbra.com.br\">contato<\/a>!<\/p>\n<\/div>\n<\/article>\n<\/div>\n<\/div>\n<\/div>\n<\/div>\n","protected":false},"excerpt":{"rendered":"<p>Sua empresa ou associa\u00e7\u00e3o poder\u00e1 se beneficiar de descontos, em fun\u00e7\u00e3o da quantidade de cursos contratados e da necessidade de atualiza\u00e7\u00e3o de seus colaboradores. Como fidelidade, quem faz um segundo curso livre pode usufruir de desconto de 10%. Para mais informa\u00e7\u00f5es, entre em contato!<\/p>\n","protected":false},"author":1,"featured_media":0,"parent":0,"menu_order":0,"comment_status":"closed","ping_status":"closed","template":"","meta":{"footnotes":""},"class_list":["post-13","page","type-page","status-publish","hentry"],"_links":{"self":[{"href":"https:\/\/sielbra.com.br\/index.php?rest_route=\/wp\/v2\/pages\/13","targetHints":{"allow":["GET"]}}],"collection":[{"href":"https:\/\/sielbra.com.br\/index.php?rest_route=\/wp\/v2\/pages"}],"about":[{"href":"https:\/\/sielbra.com.br\/index.php?rest_route=\/wp\/v2\/types\/page"}],"author":[{"embeddable":true,"href":"https:\/\/sielbra.com.br\/index.php?rest_route=\/wp\/v2\/users\/1"}],"replies":[{"embeddable":true,"href":"https:\/\/sielbra.com.br\/index.php?rest_route=%2Fwp%2Fv2%2Fcomments&post=13"}],"version-history":[{"count":3,"href":"https:\/\/sielbra.com.br\/index.php?rest_route=\/wp\/v2\/pages\/13\/revisions"}],"predecessor-version":[{"id":43,"href":"https:\/\/sielbra.com.br\/index.php?rest_route=\/wp\/v2\/pages\/13\/revisions\/43"}],"wp:attachment":[{"href":"https:\/\/sielbra.com.br\/index.php?rest_route=%2Fwp%2Fv2%2Fmedia&parent=13"}],"curies":[{"name":"wp","href":"https:\/\/api.w.org\/{rel}","templated":true}]}}