{"id":15,"date":"2018-02-10T02:14:44","date_gmt":"2018-02-10T02:14:44","guid":{"rendered":"http:\/\/sielbra.com.br\/?page_id=15"},"modified":"2025-03-14T18:17:07","modified_gmt":"2025-03-14T18:17:07","slug":"contato","status":"publish","type":"page","link":"https:\/\/sielbra.com.br\/?page_id=15","title":{"rendered":"Contato"},"content":{"rendered":"\n<div id=\"page\" class=\"hfeed site\">\n<div id=\"content\" class=\"site-content\">\n<div class=\"content-wrapper without-featured-image\">\n<div id=\"primary\" class=\"content-area\">\n<article id=\"post-3\" class=\"post-3 page type-page status-publish hentry without-featured-image\">\n<div class=\"entry-content\">\n<p><strong>Sielbra \u2013 Sociedade Internacional de Educa\u00e7\u00e3o L\u00edbano-Brasileira<\/strong><\/p>\n<p><strong>Endere\u00e7o<\/strong>: Avenida Indian\u00f3polis, 2518 \u2013 S\u00e3o Paulo \u2013 SP \u2013 CEP 04062-001<\/p>\n<p><strong>E-mail:<\/strong>&nbsp;sielbra.educacao@<span class=\"skimlinks-unlinked\">gmail.com ou sielbra@sielbra.com.br.&nbsp; Hor\u00e1rio: de 2\u00aa a 6\u00aa das 9h \u00e0s 18h<\/span><\/p>\n<p>Telefone: fixo e whatsapp (11) 5587-2222<\/p>\n<\/div>\n<figure><a href=\"https:\/\/sielbra.com.br\/wp-content\/uploads\/2020\/02\/IMG-20200204-WA0101.jpg\"><img loading=\"lazy\" decoding=\"async\" class=\"alignleft wp-image-863\" src=\"https:\/\/sielbra.com.br\/wp-content\/uploads\/2020\/02\/IMG-20200204-WA0101-300x251.jpg\" alt=\"\" width=\"292\" height=\"244\" srcset=\"https:\/\/sielbra.com.br\/wp-content\/uploads\/2020\/02\/IMG-20200204-WA0101-300x251.jpg 300w, https:\/\/sielbra.com.br\/wp-content\/uploads\/2020\/02\/IMG-20200204-WA0101-600x503.jpg 600w, https:\/\/sielbra.com.br\/wp-content\/uploads\/2020\/02\/IMG-20200204-WA0101-768x644.jpg 768w, https:\/\/sielbra.com.br\/wp-content\/uploads\/2020\/02\/IMG-20200204-WA0101.jpg 940w\" sizes=\"auto, (max-width: 292px) 100vw, 292px\" \/><\/a><\/figure><p><\/p>\n<div class=\"entry-content\">\n<p><strong>NOSSAS M\u00cdDIAS:<\/strong><\/p>\n<p>Conhe\u00e7a nosso <strong>BLOG:<\/strong> https:\/\/sielbraeducacao.wordpress.com\/blog\/<\/p>\n<p>Nossa p\u00e1gina no<strong> FACEBOOK:<\/strong>&nbsp;https:\/\/www.facebook.com\/SIELBRA\/<\/p>\n<p><strong>INSTAGRAM:<\/strong> @sielbraeducacao<\/p>\n<p><strong>LINKEDIN: <\/strong><strong><a href=\"http:\/\/asileira-94b7a5163\/\">Sielbra<\/a>&nbsp; <\/strong><\/p>\n<p><strong>TWITTER:&nbsp;<a>@Sielbra12<\/a><\/strong><\/p>\n<\/div>\n<header><strong><a href=\"https:\/\/www.youtube.com\/channel\/UCi6XSOa03CBedY9cW5G7yWw?view_as=subscriber\">CANAL NO YOUTUBE, clique aqui.&nbsp;<\/a><\/strong><\/header>\n<\/article>\n<\/div>\n<\/div>\n<\/div>\n<\/div>\n","protected":false},"excerpt":{"rendered":"<p>Sielbra \u2013 Sociedade Internacional de Educa\u00e7\u00e3o L\u00edbano-Brasileira Endere\u00e7o: Avenida Indian\u00f3polis, 2518 \u2013 S\u00e3o Paulo \u2013 SP \u2013 CEP 04062-001 E-mail:&nbsp;sielbra.educacao@gmail.com ou sielbra@sielbra.com.br.&nbsp; Hor\u00e1rio: de 2\u00aa a 6\u00aa das 9h \u00e0s 18h Telefone: fixo e whatsapp (11) 5587-2222 NOSSAS M\u00cdDIAS: Conhe\u00e7a nosso BLOG: https:\/\/sielbraeducacao.wordpress.com\/blog\/ Nossa p\u00e1gina no FACEBOOK:&nbsp;https:\/\/www.facebook.com\/SIELBRA\/ INSTAGRAM: @sielbraeducacao LINKEDIN: Sielbra&nbsp; TWITTER:&nbsp;@Sielbra12 CANAL NO YOUTUBE, [&hellip;]<\/p>\n","protected":false},"author":1,"featured_media":0,"parent":0,"menu_order":0,"comment_status":"closed","ping_status":"closed","template":"","meta":{"footnotes":""},"class_list":["post-15","page","type-page","status-publish","hentry"],"_links":{"self":[{"href":"https:\/\/sielbra.com.br\/index.php?rest_route=\/wp\/v2\/pages\/15","targetHints":{"allow":["GET"]}}],"collection":[{"href":"https:\/\/sielbra.com.br\/index.php?rest_route=\/wp\/v2\/pages"}],"about":[{"href":"https:\/\/sielbra.com.br\/index.php?rest_route=\/wp\/v2\/types\/page"}],"author":[{"embeddable":true,"href":"https:\/\/sielbra.com.br\/index.php?rest_route=\/wp\/v2\/users\/1"}],"replies":[{"embeddable":true,"href":"https:\/\/sielbra.com.br\/index.php?rest_route=%2Fwp%2Fv2%2Fcomments&post=15"}],"version-history":[{"count":25,"href":"https:\/\/sielbra.com.br\/index.php?rest_route=\/wp\/v2\/pages\/15\/revisions"}],"predecessor-version":[{"id":2083,"href":"https:\/\/sielbra.com.br\/index.php?rest_route=\/wp\/v2\/pages\/15\/revisions\/2083"}],"wp:attachment":[{"href":"https:\/\/sielbra.com.br\/index.php?rest_route=%2Fwp%2Fv2%2Fmedia&parent=15"}],"curies":[{"name":"wp","href":"https:\/\/api.w.org\/{rel}","templated":true}]}}