{"id":17,"date":"2018-02-10T02:14:58","date_gmt":"2018-02-10T02:14:58","guid":{"rendered":"http:\/\/sielbra.com.br\/?page_id=17"},"modified":"2019-09-06T16:49:07","modified_gmt":"2019-09-06T16:49:07","slug":"palestras-e-eventos","status":"publish","type":"page","link":"https:\/\/sielbra.com.br\/?page_id=17","title":{"rendered":"Palestras gratuitas"},"content":{"rendered":"<div id=\"page\" class=\"hfeed site\">\n<div id=\"content\" class=\"site-content\">\n<div class=\"content-wrapper without-featured-image\">\n<div id=\"primary\" class=\"content-area\">\n<article id=\"post-146\" class=\"post-146 page type-page status-publish hentry without-featured-image\">\n<div class=\"entry-content\">\n<p><strong><a href=\"https:\/\/sielbra.com.br\/wp-content\/uploads\/2018\/02\/Palestras-gratuitas.png\"><img loading=\"lazy\" decoding=\"async\" class=\"alignleft size-medium wp-image-48\" src=\"https:\/\/sielbra.com.br\/wp-content\/uploads\/2018\/02\/Palestras-gratuitas-300x114.png\" alt=\"\" width=\"300\" height=\"114\" srcset=\"https:\/\/sielbra.com.br\/wp-content\/uploads\/2018\/02\/Palestras-gratuitas-300x114.png 300w, https:\/\/sielbra.com.br\/wp-content\/uploads\/2018\/02\/Palestras-gratuitas-600x228.png 600w, https:\/\/sielbra.com.br\/wp-content\/uploads\/2018\/02\/Palestras-gratuitas.png 620w\" sizes=\"auto, (max-width: 300px) 100vw, 300px\" \/><\/a>PR\u00d3XIMOS ENCONTROS<\/strong><\/p>\n<p><strong>Fa\u00e7a sua inscri\u00e7\u00e3o por e-mail: sielbra.educacao@gmail.com ou pelo whatsaap (11) 9-5209-8596<\/strong><\/p>\n<p>&nbsp;<\/p>\n<p><strong>27\/9\/ 2019 &#8211; COMO CONVIVER COM O C\u00c2NCER SOB O PONTO DE VISTA DE UMA PACIENTE<\/strong><\/p>\n<p>O objetivo \u00e9 promover o encontro com familiares de pacientes, portadores de neoplasias, profissionais da \u00e1rea de sa\u00fade e quem mais quiser participar desta conversa para vislumbrar as possibilidades de se conviver com essa doen\u00e7a cr\u00f4nica e manter o otimismo e a esperan\u00e7a, mecanismos auxiliares ao tratamento e \u00e0 cura.\u00a0Com Solange S\u00f3lon Borges (paciente oncol\u00f3gica, jornalista e mestre em Estudos Culturais\/USP).<\/p>\n<p>Quando? 27\/9, sexta-feira, das 19h30 \u00e0s 21h.<\/p>\n<\/div>\n<\/article>\n<\/div>\n<\/div>\n<\/div>\n<\/div>\n","protected":false},"excerpt":{"rendered":"<p>PR\u00d3XIMOS ENCONTROS Fa\u00e7a sua inscri\u00e7\u00e3o por e-mail: sielbra.educacao@gmail.com ou pelo whatsaap (11) 9-5209-8596 &nbsp; 27\/9\/ 2019 &#8211; COMO CONVIVER COM O C\u00c2NCER SOB O PONTO DE VISTA DE UMA PACIENTE O objetivo \u00e9 promover o encontro com familiares de pacientes, portadores de neoplasias, profissionais da \u00e1rea de sa\u00fade e quem mais quiser participar desta conversa [&hellip;]<\/p>\n","protected":false},"author":1,"featured_media":48,"parent":0,"menu_order":0,"comment_status":"closed","ping_status":"closed","template":"","meta":{"footnotes":""},"class_list":["post-17","page","type-page","status-publish","has-post-thumbnail","hentry"],"_links":{"self":[{"href":"https:\/\/sielbra.com.br\/index.php?rest_route=\/wp\/v2\/pages\/17","targetHints":{"allow":["GET"]}}],"collection":[{"href":"https:\/\/sielbra.com.br\/index.php?rest_route=\/wp\/v2\/pages"}],"about":[{"href":"https:\/\/sielbra.com.br\/index.php?rest_route=\/wp\/v2\/types\/page"}],"author":[{"embeddable":true,"href":"https:\/\/sielbra.com.br\/index.php?rest_route=\/wp\/v2\/users\/1"}],"replies":[{"embeddable":true,"href":"https:\/\/sielbra.com.br\/index.php?rest_route=%2Fwp%2Fv2%2Fcomments&post=17"}],"version-history":[{"count":23,"href":"https:\/\/sielbra.com.br\/index.php?rest_route=\/wp\/v2\/pages\/17\/revisions"}],"predecessor-version":[{"id":713,"href":"https:\/\/sielbra.com.br\/index.php?rest_route=\/wp\/v2\/pages\/17\/revisions\/713"}],"wp:featuredmedia":[{"embeddable":true,"href":"https:\/\/sielbra.com.br\/index.php?rest_route=\/wp\/v2\/media\/48"}],"wp:attachment":[{"href":"https:\/\/sielbra.com.br\/index.php?rest_route=%2Fwp%2Fv2%2Fmedia&parent=17"}],"curies":[{"name":"wp","href":"https:\/\/api.w.org\/{rel}","templated":true}]}}