{"id":223,"date":"2018-06-29T04:06:25","date_gmt":"2018-06-29T04:06:25","guid":{"rendered":"http:\/\/sielbra.com.br\/?page_id=223"},"modified":"2019-03-19T20:52:23","modified_gmt":"2019-03-19T20:52:23","slug":"noticias","status":"publish","type":"page","link":"https:\/\/sielbra.com.br\/?page_id=223","title":{"rendered":"Not\u00edcias"},"content":{"rendered":"<p><strong>Voc\u00ea conhece o poder dos alimentos crus e vivos? \u00c9 poss\u00edvel obter sa\u00fade por meio de alimenta\u00e7\u00e3o mais natural, afirma pesquisador sobre nutri\u00e7\u00e3o e engenheiro Davison Borges<\/strong><\/p>\n<p>A alimenta\u00e7\u00e3o humana mudou completamente ao longo da nossa hist\u00f3ria. Certo \u00e9 que hoje h\u00e1 maior preocupa\u00e7\u00e3o com o bem-estar e a longevidade aliada \u00e0 almejada qualidade de vida. Para o engenheiro e pesquisador sobre nutri\u00e7\u00e3o, Davison Borges, a f\u00edsica nos lembra que somos seres energ\u00e9ticos, por isto a import\u00e2ncia dos alimentos crus e vivos, que emitem energias auxiliares \u00e0 sa\u00fade, evitando-se doen\u00e7as.<\/p>\n<p>\u201cComo o homem \u00e9 um ser vivo, por l\u00f3gica deve consumir alimentos vivos\u201d, explica. Segundo a medicina tradicional chinesa, a energia vital do ser humano, proveniente dos alimentos, \u00e9 essencial \u00e0 manuten\u00e7\u00e3o da sa\u00fade, do bem-estar e manter-se ativo at\u00e9 idade avan\u00e7ada.<\/p>\n<p>A palestra gratuita realizada em 5 de maio, na SIELBRA, proporcionou aos presentes a oportunidade para compreender e valorizar os nutrientes dos alimentos.<\/p>\n<p>Davison Borges lembrou que <em>Albert Einstein<\/em> dizia \u201ctudo \u00e9 energia e isso \u00e9 tudo que h\u00e1. Sintonize a frequ\u00eancia que deseja e, inevitavelmente, essa \u00e9 a realidade que ter\u00e1. N\u00e3o tem como ser diferente. Isso n\u00e3o \u00e9 filosofia. \u00c9 f\u00edsica\u201d.<\/p>\n<p>O f\u00edsico Fritz Popp descobriu que os nutrientes vivos irradiam f\u00f3tons. Essas pequenas part\u00edculas de luz aparentemente protegem o sistema imunol\u00f3gico e destroem c\u00e9lulas cancer\u00edgenas. Quando aquecemos os alimentos vivos, a irradia\u00e7\u00e3o se torna muito forte e, quando cessa, os alimentos est\u00e3o mortos. As perdas nutricionais variam de alimento para alimento, mas h\u00e1 casos em que todos os nutrientes acabam indo embora no cozimento, caso do piment\u00e3o, por exemplo, que perde 100% de sua vitamina C quando cozido. O aquecimento altera as propriedades e destroem enzimas ess\u00eancias \u00e0 digest\u00e3o, al\u00e9m de reduzir a for\u00e7a vital dos alimentos. Tamb\u00e9m \u00e9 bom lembrar que o corpo humano \u00e9 composto 70% por \u00e1gua e, na mesma linha de compara\u00e7\u00e3o, os alimentos crus guardam expressiva quantidade de \u00e1gua.<\/p>\n<p>A sa\u00fade pode ser compreendida como um estado de maior harmonia poss\u00edvel do homem com as leis sutis da natureza, numa condi\u00e7\u00e3o de equil\u00edbrio funcional f\u00edsico e boa condi\u00e7\u00e3o energ\u00e9tica, equil\u00edbrio ps\u00edquico e mental, al\u00e9m de bem-estar espiritual e social.<\/p>\n<p>Hoje, a maior parte dos alimentos s\u00e3o industrializados e o padr\u00e3o alimentar est\u00e1 centrado no \u201cprazer de comer\u201d e n\u00e3o no que o alimento pode nos entregar em termos de nutrientes e vitalidade. \u00c9 preciso refletir que o alimento tamb\u00e9m pode ser o seu rem\u00e9dio.<\/p>\n<p>O palestrante enfatizou os malef\u00edcios das gorduras saturadas, presentes nos alimentos processados e os tr\u00eas venenos brancos (sal, a\u00e7\u00facar e farinha).<\/p>\n<p><strong>Davison Borges \u2013<\/strong> Pesquisador sobre nutri\u00e7\u00e3o e engenheiro eletr\u00f4nico (Faculdade de Engenharia Industrial-FEI), p\u00f3s-graduado em Telecomunica\u00e7\u00f5es (FEI) e em Administra\u00e7\u00e3o e Marketing (FECAP). Formado em acupuntura pelo Centro de Estudos e Acupuntura e Terapias Alternativas, especialista em radiestesia e radi\u00f4nica, palestrante sobre temas para o aprimoramento e desenvolvimento humano.<\/p>\n","protected":false},"excerpt":{"rendered":"<p>Voc\u00ea conhece o poder dos alimentos crus e vivos? \u00c9 poss\u00edvel obter sa\u00fade por meio de alimenta\u00e7\u00e3o mais natural, afirma pesquisador sobre nutri\u00e7\u00e3o e engenheiro Davison Borges A alimenta\u00e7\u00e3o humana mudou completamente ao longo da nossa hist\u00f3ria. Certo \u00e9 que hoje h\u00e1 maior preocupa\u00e7\u00e3o com o bem-estar e a longevidade aliada \u00e0 almejada qualidade de [&hellip;]<\/p>\n","protected":false},"author":1,"featured_media":0,"parent":0,"menu_order":1,"comment_status":"closed","ping_status":"closed","template":"","meta":{"footnotes":""},"class_list":["post-223","page","type-page","status-publish","hentry"],"_links":{"self":[{"href":"https:\/\/sielbra.com.br\/index.php?rest_route=\/wp\/v2\/pages\/223","targetHints":{"allow":["GET"]}}],"collection":[{"href":"https:\/\/sielbra.com.br\/index.php?rest_route=\/wp\/v2\/pages"}],"about":[{"href":"https:\/\/sielbra.com.br\/index.php?rest_route=\/wp\/v2\/types\/page"}],"author":[{"embeddable":true,"href":"https:\/\/sielbra.com.br\/index.php?rest_route=\/wp\/v2\/users\/1"}],"replies":[{"embeddable":true,"href":"https:\/\/sielbra.com.br\/index.php?rest_route=%2Fwp%2Fv2%2Fcomments&post=223"}],"version-history":[{"count":1,"href":"https:\/\/sielbra.com.br\/index.php?rest_route=\/wp\/v2\/pages\/223\/revisions"}],"predecessor-version":[{"id":224,"href":"https:\/\/sielbra.com.br\/index.php?rest_route=\/wp\/v2\/pages\/223\/revisions\/224"}],"wp:attachment":[{"href":"https:\/\/sielbra.com.br\/index.php?rest_route=%2Fwp%2Fv2%2Fmedia&parent=223"}],"curies":[{"name":"wp","href":"https:\/\/api.w.org\/{rel}","templated":true}]}}