{"id":240,"date":"2019-03-19T04:32:56","date_gmt":"2019-03-19T04:32:56","guid":{"rendered":"http:\/\/sielbra.com.br\/?page_id=240"},"modified":"2022-11-13T21:36:04","modified_gmt":"2022-11-13T21:36:04","slug":"youtube-2","status":"publish","type":"page","link":"https:\/\/sielbra.com.br\/?page_id=240","title":{"rendered":"Youtube"},"content":{"rendered":"<header>\n<h3><a href=\"https:\/\/www.youtube.com\/@SIELBRA\"><strong>YOUTUBE da SIELBRA<\/strong><\/a><\/h3>\n<h3>Conhe\u00e7a o canal de Youtube da Sielbra. Curta e assista aos v\u00eddeos.<\/h3>\n<h3><span style=\"font-size: revert; color: initial;\">Palestra com o Professor Cas\u00e9 Oliveira, Bugs Cook da SIELBRA Sociedade Internacional de Educa\u00e7\u00e3o L\u00edbano Brasileira e um dos Fundadores da ASBRACI-Associa\u00e7\u00e3o Brasileira dos Criadores de Insetos, no Google Campus S\u00e3o Paulo. O Bugs Cook, al\u00e9m da palestra, preparou um Fondue de Grilos e Bolos com farinha de insetos comest\u00edveis. <\/span><a style=\"font-size: revert;\" href=\"https:\/\/www.youtube.com\/watch?v=Nfe8pTS92EA&amp;t=322s&amp;list=PLQ55XjOUs7gzxn2OkJmeQeLzlFVZ80iQT&amp;index=5\">Assista aqui!<\/a><\/h3>\n<\/header>\n","protected":false},"excerpt":{"rendered":"<p>YOUTUBE da SIELBRA Conhe\u00e7a o canal de Youtube da Sielbra. Curta e assista aos v\u00eddeos. Palestra com o Professor Cas\u00e9 Oliveira, Bugs Cook da SIELBRA Sociedade Internacional de Educa\u00e7\u00e3o L\u00edbano Brasileira e um dos Fundadores da ASBRACI-Associa\u00e7\u00e3o Brasileira dos Criadores de Insetos, no Google Campus S\u00e3o Paulo. O Bugs Cook, al\u00e9m da palestra, preparou um [&hellip;]<\/p>\n","protected":false},"author":1,"featured_media":0,"parent":0,"menu_order":1,"comment_status":"closed","ping_status":"closed","template":"","meta":{"footnotes":""},"class_list":["post-240","page","type-page","status-publish","hentry"],"_links":{"self":[{"href":"https:\/\/sielbra.com.br\/index.php?rest_route=\/wp\/v2\/pages\/240","targetHints":{"allow":["GET"]}}],"collection":[{"href":"https:\/\/sielbra.com.br\/index.php?rest_route=\/wp\/v2\/pages"}],"about":[{"href":"https:\/\/sielbra.com.br\/index.php?rest_route=\/wp\/v2\/types\/page"}],"author":[{"embeddable":true,"href":"https:\/\/sielbra.com.br\/index.php?rest_route=\/wp\/v2\/users\/1"}],"replies":[{"embeddable":true,"href":"https:\/\/sielbra.com.br\/index.php?rest_route=%2Fwp%2Fv2%2Fcomments&post=240"}],"version-history":[{"count":5,"href":"https:\/\/sielbra.com.br\/index.php?rest_route=\/wp\/v2\/pages\/240\/revisions"}],"predecessor-version":[{"id":1722,"href":"https:\/\/sielbra.com.br\/index.php?rest_route=\/wp\/v2\/pages\/240\/revisions\/1722"}],"wp:attachment":[{"href":"https:\/\/sielbra.com.br\/index.php?rest_route=%2Fwp%2Fv2%2Fmedia&parent=240"}],"curies":[{"name":"wp","href":"https:\/\/api.w.org\/{rel}","templated":true}]}}