{"id":4,"date":"2018-02-10T02:01:40","date_gmt":"2018-02-10T02:01:40","guid":{"rendered":"http:\/\/sielbra.com.br\/?page_id=4"},"modified":"2019-08-06T17:30:49","modified_gmt":"2019-08-06T17:30:49","slug":"quem-somos","status":"publish","type":"page","link":"https:\/\/sielbra.com.br\/?page_id=4","title":{"rendered":"Quem somos"},"content":{"rendered":"<p>Somos um grupo de docentes com o prop\u00f3sito de envolver a sociedade em temas relevantes voltados ao aprimoramento e atualiza\u00e7\u00e3o profissional de forma pr\u00e1tica, r\u00e1pida e acess\u00edvel a todos.<\/p>\n<p><strong>Miss\u00e3o &#8211;<\/strong> Atuar na forma\u00e7\u00e3o cient\u00edfica e humanizadora para a constru\u00e7\u00e3o de uma comunidade solid\u00e1ria e voltada \u00e0 paz em suas pr\u00e1ticas sociais.<\/p>\n<p><strong>Valores &#8211;<\/strong> Desenvolver as potencialidades humanas alicer\u00e7adas na postura \u00e9tica e cidad\u00e3, respeitando-se as individualidades e diversidade.<\/p>\n<p><strong>Vis\u00e3o &#8211;<\/strong> Ser espa\u00e7o de reflex\u00e3o, aprendizado cont\u00ednuo e pesquisa a fim de tornar-se refer\u00eancia e obter o reconhecimento da comunidade e promover a aproxima\u00e7\u00e3o entre na\u00e7\u00f5es e suas culturas.<\/p>\n<p>&nbsp;<\/p>\n","protected":false},"excerpt":{"rendered":"<p>Somos um grupo de docentes com o prop\u00f3sito de envolver a sociedade em temas relevantes voltados ao aprimoramento e atualiza\u00e7\u00e3o profissional de forma pr\u00e1tica, r\u00e1pida e acess\u00edvel a todos. Miss\u00e3o &#8211; Atuar na forma\u00e7\u00e3o cient\u00edfica e humanizadora para a constru\u00e7\u00e3o de uma comunidade solid\u00e1ria e voltada \u00e0 paz em suas pr\u00e1ticas sociais. Valores &#8211; Desenvolver [&hellip;]<\/p>\n","protected":false},"author":1,"featured_media":0,"parent":0,"menu_order":0,"comment_status":"closed","ping_status":"closed","template":"","meta":{"footnotes":""},"class_list":["post-4","page","type-page","status-publish","hentry"],"_links":{"self":[{"href":"https:\/\/sielbra.com.br\/index.php?rest_route=\/wp\/v2\/pages\/4","targetHints":{"allow":["GET"]}}],"collection":[{"href":"https:\/\/sielbra.com.br\/index.php?rest_route=\/wp\/v2\/pages"}],"about":[{"href":"https:\/\/sielbra.com.br\/index.php?rest_route=\/wp\/v2\/types\/page"}],"author":[{"embeddable":true,"href":"https:\/\/sielbra.com.br\/index.php?rest_route=\/wp\/v2\/users\/1"}],"replies":[{"embeddable":true,"href":"https:\/\/sielbra.com.br\/index.php?rest_route=%2Fwp%2Fv2%2Fcomments&post=4"}],"version-history":[{"count":4,"href":"https:\/\/sielbra.com.br\/index.php?rest_route=\/wp\/v2\/pages\/4\/revisions"}],"predecessor-version":[{"id":653,"href":"https:\/\/sielbra.com.br\/index.php?rest_route=\/wp\/v2\/pages\/4\/revisions\/653"}],"wp:attachment":[{"href":"https:\/\/sielbra.com.br\/index.php?rest_route=%2Fwp%2Fv2%2Fmedia&parent=4"}],"curies":[{"name":"wp","href":"https:\/\/api.w.org\/{rel}","templated":true}]}}