{"id":7,"date":"2018-02-10T02:13:57","date_gmt":"2018-02-10T02:13:57","guid":{"rendered":"http:\/\/sielbra.com.br\/?page_id=7"},"modified":"2025-05-26T12:01:46","modified_gmt":"2025-05-26T12:01:46","slug":"corpo-docente","status":"publish","type":"page","link":"https:\/\/sielbra.com.br\/?page_id=7","title":{"rendered":"Corpo Docente"},"content":{"rendered":"<div class=\"wp-block-image\">\n<figure class=\"alignleft\"><a href=\"https:\/\/sielbra.com.br\/wp-content\/uploads\/2018\/02\/Mourad-2-recortado-300x204-1.jpg\"><img loading=\"lazy\" decoding=\"async\" width=\"215\" height=\"198\" src=\"https:\/\/sielbra.com.br\/wp-content\/uploads\/2018\/02\/Mourad-2-recortado-300x204-1.jpg\" alt=\"\" class=\"wp-image-145\"\/><\/a><\/figure>\n<\/div>\n\n\n<p><strong>Mohamad Said Mourad \u2013<\/strong>&nbsp;<strong>Diretor Executivo \u2013<\/strong>&nbsp;Graduado em Economia (Faculdade de Economia, Finan\u00e7as e Administra\u00e7\u00e3o de S\u00e3o Paulo (FEFASP), Ci\u00eancias Jur\u00eddicas e Sociais (Faculdades Integradas de Guarulhos-FIG), Jornalismo (Faculdade C\u00e1sper L\u00edbero).&nbsp;Especializa\u00e7\u00e3o em Jornalismo Comparado (C\u00e1sper L\u00edbero). Foi professor de Jornalismo Comparado nas Faculdades Integradas Alc\u00e2ntara Machado (FIAM). Ex-vereador de S\u00e3o Paulo (1993-1996; 1997-2000). Membro da Comiss\u00e3o do Terceiro Setor da Ordem dos Advogados de SP (OAB\/SP).&nbsp;<a href=\"http:\/\/lattes.cnpq.br\/5455246029477640\">http:\/\/lattes.cnpq.br\/5455246029477640<\/a><\/p>\n\n\n<div class=\"wp-block-image\">\n<figure class=\"alignleft\"><a href=\"https:\/\/sielbra.com.br\/wp-content\/uploads\/2018\/02\/Solange.jpg\"><img loading=\"lazy\" decoding=\"async\" width=\"122\" height=\"183\" src=\"https:\/\/sielbra.com.br\/wp-content\/uploads\/2018\/02\/Solange.jpg\" alt=\"\" class=\"wp-image-36\"\/><\/a><\/figure>\n<\/div>\n\n\n<p><b>Solange S\u00f3lon Borges \u2013 <\/b>Mestre em Estudos Culturais (USP Leste). Graduada em Jornalismo e Publicidade e Propaganda (Metodista\/SP). Especializa\u00e7\u00e3o em M\u00eddia, Informa\u00e7\u00e3o e Cultura (Celacc\/ECA USP) e Comunica\u00e7\u00e3o e Marketing (Faenac). Docente convidada em cursos de P\u00f3s-Gradua\u00e7\u00e3o de Comunica\u00e7\u00e3o Empresarial e Cria\u00e7\u00e3o da Universidade S\u00e3o Judas Tadeu (USJT). Atualmente, atua na \u00e1rea de comunica\u00e7\u00e3o corporativa. Foi redatora e editora (R\u00e1dio Bandeirantes AM e FM), roteirista (TV Bandeirantes), rep\u00f3rter, redatora e editora (R\u00e1dio Gazeta), coordenadora de jornalismo (R\u00e1dios S\u00e3o Paulo e Copacabana), al\u00e9m de frilar para jornais e revistas. Ex-Assessora de Imprensa da Faculdade Editora Nacional (Faenac), de parlamentares da C\u00e2mara Municipal de S\u00e3o Paulo, cooperativas, sindicatos e artistas e, ainda, Coordenadora de Imprensa e Marketing da Universidade do Grande ABC (UniABC). Ex-colunista do Liter\u00e1rio do portal\u00a0<i>Comunique-se<\/i>,\u00a0<i>publisher<\/i>\u00a0do selo editorial\u00a0<i>O Art\u00edfice<\/i>. Dedica-se \u00e0 pesquisa sobre imigra\u00e7\u00e3o no Brasil (espanh\u00f3is e japoneses) e constru\u00e7\u00e3o do mito na comunica\u00e7\u00e3o.\u00a0<a href=\"http:\/\/lattes.cnpq.br\/7646790431277762\">http:\/\/lattes.cnpq.br\/7646790431277762<\/a><\/p>\n\n\n<div class=\"wp-block-image\">\n<figure class=\"alignleft\"><a href=\"https:\/\/sielbra.com.br\/wp-content\/uploads\/2019\/06\/FOTO-ANA-JALLOUL.jpg\"><img loading=\"lazy\" decoding=\"async\" width=\"150\" height=\"150\" src=\"https:\/\/sielbra.com.br\/wp-content\/uploads\/2019\/06\/FOTO-ANA-JALLOUL-150x150.jpg\" alt=\"\" class=\"wp-image-489\" srcset=\"https:\/\/sielbra.com.br\/wp-content\/uploads\/2019\/06\/FOTO-ANA-JALLOUL-150x150.jpg 150w, https:\/\/sielbra.com.br\/wp-content\/uploads\/2019\/06\/FOTO-ANA-JALLOUL-300x300.jpg 300w, https:\/\/sielbra.com.br\/wp-content\/uploads\/2019\/06\/FOTO-ANA-JALLOUL-100x100.jpg 100w\" sizes=\"auto, (max-width: 150px) 100vw, 150px\" \/><\/a><\/figure>\n<\/div>\n\n\n<p><strong>Ana Jalloul<\/strong> &#8211; Gradua\u00e7\u00e3o em Marketing, especialista em m\u00eddias digitais, orat\u00f3ria e coaching para neg\u00f3cios, marketing pessoal, marketing digital para corretores, empreendedorismo, Facebook e Instagram para neg\u00f3cios e t\u00e9cnicas comerciais corporativas.<\/p>\n\n\n\n<p>&nbsp;<\/p>\n\n\n\n<p>&nbsp;<\/p>\n\n\n<div class=\"wp-block-image\">\n<figure class=\"alignleft\"><a href=\"https:\/\/sielbra.com.br\/wp-content\/uploads\/2020\/03\/89575546_253485382318434_2252530675385106432_n.jpg\"><img loading=\"lazy\" decoding=\"async\" width=\"300\" height=\"300\" src=\"https:\/\/sielbra.com.br\/wp-content\/uploads\/2020\/03\/89575546_253485382318434_2252530675385106432_n-300x300.jpg\" alt=\"\" class=\"wp-image-959\" srcset=\"https:\/\/sielbra.com.br\/wp-content\/uploads\/2020\/03\/89575546_253485382318434_2252530675385106432_n-300x300.jpg 300w, https:\/\/sielbra.com.br\/wp-content\/uploads\/2020\/03\/89575546_253485382318434_2252530675385106432_n-100x100.jpg 100w, https:\/\/sielbra.com.br\/wp-content\/uploads\/2020\/03\/89575546_253485382318434_2252530675385106432_n-150x150.jpg 150w, https:\/\/sielbra.com.br\/wp-content\/uploads\/2020\/03\/89575546_253485382318434_2252530675385106432_n.jpg 540w\" sizes=\"auto, (max-width: 300px) 100vw, 300px\" \/><\/a><\/figure>\n<\/div>\n\n\n<p><strong>Camila Grillo &#8211;<\/strong> Mestre em Estudos Culturais (USP Leste), gradua\u00e7\u00e3o em jornalismo, especialista em m\u00eddias sociais. Especialista em Gest\u00e3o da Comunica\u00e7\u00e3o em M\u00eddias Digitais.&nbsp; Graduada em Comunica\u00e7\u00e3o Social &#8211; Jornalismo (Universidade Paulista UNIP). Forma\u00e7\u00e3o t\u00e9cnica nos cursos de Habilita\u00e7\u00e3o Profissional de Ator (Funda\u00e7\u00e3o das Artes de S\u00e3o Caetano do Sul, FASCS, Brasil) e Processamento de Dados (Argumento Objetivo\/1998).&nbsp;<a href=\"http:\/\/lattes.cnpq.br\/1158296891171841\">http:\/\/lattes.cnpq.br\/1158296891171841<\/a><\/p>\n\n\n\n<p>&nbsp;<\/p>\n\n\n<div class=\"wp-block-image\">\n<figure class=\"alignleft\"><a href=\"https:\/\/sielbra.com.br\/wp-content\/uploads\/2018\/02\/Davison.jpg\"><img loading=\"lazy\" decoding=\"async\" width=\"160\" height=\"160\" src=\"https:\/\/sielbra.com.br\/wp-content\/uploads\/2018\/02\/Davison.jpg\" alt=\"\" class=\"wp-image-28\" srcset=\"https:\/\/sielbra.com.br\/wp-content\/uploads\/2018\/02\/Davison.jpg 160w, https:\/\/sielbra.com.br\/wp-content\/uploads\/2018\/02\/Davison-100x100.jpg 100w, https:\/\/sielbra.com.br\/wp-content\/uploads\/2018\/02\/Davison-150x150.jpg 150w\" sizes=\"auto, (max-width: 160px) 100vw, 160px\" \/><\/a><\/figure>\n<\/div>\n\n\n<p><strong>Davison Ap. de Almeida Borges<\/strong>\u00a0 \u2013 Engenheiro eletr\u00f4nico (Faculdade de Engenharia Industrial-FEI), p\u00f3s-graduado em Telecomunica\u00e7\u00f5es (FEI) e em Administra\u00e7\u00e3o e Marketing (FECAP). Formado em acupuntura pelo Centro de Estudos e Acupuntura e Terapias Alternativas (CEAT), especialista em radiestesia e radi\u00f4nica, palestrante sobre temas para o aprimoramento e desenvolvimento humano. Pesquisador sobre nutri\u00e7\u00e3o.\u00a0<a href=\"http:\/\/lattes.cnpq.br\/2450730171849683\">http:\/\/lattes.cnpq.br\/2450730171849683<\/a>\u00a0<\/p>\n\n\n<div class=\"wp-block-image\">\n<figure class=\"alignleft\"><a href=\"https:\/\/sielbra.com.br\/wp-content\/uploads\/2018\/02\/IMG-20180222-WA0103.jpg\"><img loading=\"lazy\" decoding=\"async\" width=\"215\" height=\"247\" src=\"https:\/\/sielbra.com.br\/wp-content\/uploads\/2018\/02\/IMG-20180222-WA0103.jpg\" alt=\"\" class=\"wp-image-151\"\/><\/a><\/figure>\n<\/div>\n\n\n<p><strong>Jos\u00e9 Carlos Oliveira (Cas\u00e9) &#8211; <\/strong>Bugs Cook, p\u00f3s-gradua\u00e7\u00e3o em Gastronomia e Cozinha Autoral (PUC\/RS). Graduado em<strong>&nbsp;<\/strong>Ci\u00eancias Biol\u00f3gicas (Bacharelado e Licenciatura) pela Universidade S\u00e3o Camilo. T\u00e9cnico em Meio Ambiente e Gest\u00e3o Ambiental pela ETEC Get\u00falio Vargas e Centro Paula Souza. Presidente da Associa\u00e7\u00e3o Miss\u00e3o Ambiental e representante da ASBRACI (Associa\u00e7\u00e3o Brasileira dos Criadores de Insetos), com Pesquisas na \u00c1rea de Insetos Comest\u00edveis para Alimenta\u00e7\u00e3o humana e animal,&nbsp;principalmente Ten\u00e9brio molitor.&nbsp;Tem experi\u00eancia em Educa\u00e7\u00e3o Ambiental e Gest\u00e3o Administrativa de Parques, com atua\u00e7\u00e3o na Secretaria do Verde e Meio Ambiente do Munic\u00edpio de SP (Parque Independ\u00eancia) e na Subprefeitura do Ipiranga, como Conselheiro Regional de Meio Ambiente.&nbsp;&nbsp;<strong><a href=\"http:\/\/lattes.cnpq.br\/8824071560338405\">http:\/\/lattes.cnpq.br\/8824071560338405<\/a><\/strong><\/p>\n\n\n\n<p><\/p>\n\n\n<div class=\"wp-block-image\">\n<figure class=\"alignleft\"><a href=\"https:\/\/sielbra.com.br\/wp-content\/uploads\/2018\/02\/V\u00e2nia.jpg\"><img loading=\"lazy\" decoding=\"async\" width=\"107\" height=\"146\" src=\"https:\/\/sielbra.com.br\/wp-content\/uploads\/2018\/02\/V\u00e2nia.jpg\" alt=\"\" class=\"wp-image-149\"\/><\/a><\/figure>\n<\/div>\n\n\n<p><\/p>\n\n\n\n<p><strong>V\u00e2nia Mara Nunes \u2013<\/strong>\u00a0Graduada em Direito (Faculdade de Ci\u00eancias Econ\u00f4micas e Administrativas Santa Rita de C\u00e1ssia) e P\u00f3s-Graduanda em Direito Processual Civil. Tem experi\u00eancia na \u00e1rea de Educa\u00e7\u00e3o, com \u00eanfase em Educa\u00e7\u00e3o, Media\u00e7\u00e3o e Concilia\u00e7\u00e3o e Arbitragem.\u00a0<a href=\"http:\/\/lattes.cnpq.br\/2665166714657444\">http:\/\/lattes.cnpq.br\/2665166714657444<\/a>\u00a0<\/p>\n\n\n<div class=\"wp-block-image\">\n<figure class=\"alignleft\"><a href=\"https:\/\/sielbra.com.br\/wp-content\/uploads\/2018\/02\/Roseli-2-recortada.jpg\"><img loading=\"lazy\" decoding=\"async\" width=\"300\" height=\"245\" src=\"https:\/\/sielbra.com.br\/wp-content\/uploads\/2018\/02\/Roseli-2-recortada-300x245.jpg\" alt=\"\" class=\"wp-image-133\" srcset=\"https:\/\/sielbra.com.br\/wp-content\/uploads\/2018\/02\/Roseli-2-recortada-300x245.jpg 300w, https:\/\/sielbra.com.br\/wp-content\/uploads\/2018\/02\/Roseli-2-recortada-600x489.jpg 600w, https:\/\/sielbra.com.br\/wp-content\/uploads\/2018\/02\/Roseli-2-recortada-768x626.jpg 768w, https:\/\/sielbra.com.br\/wp-content\/uploads\/2018\/02\/Roseli-2-recortada-1024x835.jpg 1024w\" sizes=\"auto, (max-width: 300px) 100vw, 300px\" \/><\/a><\/figure>\n<\/div>\n\n\n<p><strong>Roseli Freire de Carvalho \u2013 Secret\u00e1ria geral.<\/strong>&nbsp;Graduada em Ci\u00eancias Jur\u00eddicas e Sociais (Faculdades Integradas de Guarulhos-FIG). Especializa\u00e7\u00e3o em Direito Penal na Pontif\u00edcia Universidade Cat\u00f3lica (PUC\/SP).<\/p>\n\n\n\n<p>&nbsp;<\/p>\n\n\n\n<p><\/p>\n\n\n<div class=\"wp-block-image\">\n<figure class=\"alignleft\"><a href=\"https:\/\/sielbra.com.br\/wp-content\/uploads\/2018\/02\/Ivo.jpg\"><img loading=\"lazy\" decoding=\"async\" width=\"127\" height=\"165\" src=\"https:\/\/sielbra.com.br\/wp-content\/uploads\/2018\/02\/Ivo.jpg\" alt=\"\" class=\"wp-image-37\"\/><\/a><\/figure>\n<\/div>\n\n\n<p><strong>Ivo Pereira Filho \u2013 Diretor de infraestrutura e de meios.&nbsp;<\/strong>Gradua\u00e7\u00e3o em Gest\u00e3o Ambiental pela Universidade S\u00e3o Marcos.&nbsp;<a href=\"http:\/\/lattes.cnpq.br\/1989138812983848\">http:\/\/lattes.cnpq.br\/1989138812983848<\/a><\/p>\n\n\n\n<p>&nbsp;<\/p>\n\n\n\n<p>&nbsp;<\/p>\n\n\n\n<p>&nbsp;<\/p>\n","protected":false},"excerpt":{"rendered":"<p>Mohamad Said Mourad \u2013&nbsp;Diretor Executivo \u2013&nbsp;Graduado em Economia (Faculdade de Economia, Finan\u00e7as e Administra\u00e7\u00e3o de S\u00e3o Paulo (FEFASP), Ci\u00eancias Jur\u00eddicas e Sociais (Faculdades Integradas de Guarulhos-FIG), Jornalismo (Faculdade C\u00e1sper L\u00edbero).&nbsp;Especializa\u00e7\u00e3o em Jornalismo Comparado (C\u00e1sper L\u00edbero). Foi professor de Jornalismo Comparado nas Faculdades Integradas Alc\u00e2ntara Machado (FIAM). Ex-vereador de S\u00e3o Paulo (1993-1996; 1997-2000). Membro da Comiss\u00e3o [&hellip;]<\/p>\n","protected":false},"author":1,"featured_media":0,"parent":0,"menu_order":0,"comment_status":"closed","ping_status":"closed","template":"","meta":{"footnotes":""},"class_list":["post-7","page","type-page","status-publish","hentry"],"_links":{"self":[{"href":"https:\/\/sielbra.com.br\/index.php?rest_route=\/wp\/v2\/pages\/7","targetHints":{"allow":["GET"]}}],"collection":[{"href":"https:\/\/sielbra.com.br\/index.php?rest_route=\/wp\/v2\/pages"}],"about":[{"href":"https:\/\/sielbra.com.br\/index.php?rest_route=\/wp\/v2\/types\/page"}],"author":[{"embeddable":true,"href":"https:\/\/sielbra.com.br\/index.php?rest_route=\/wp\/v2\/users\/1"}],"replies":[{"embeddable":true,"href":"https:\/\/sielbra.com.br\/index.php?rest_route=%2Fwp%2Fv2%2Fcomments&post=7"}],"version-history":[{"count":34,"href":"https:\/\/sielbra.com.br\/index.php?rest_route=\/wp\/v2\/pages\/7\/revisions"}],"predecessor-version":[{"id":2102,"href":"https:\/\/sielbra.com.br\/index.php?rest_route=\/wp\/v2\/pages\/7\/revisions\/2102"}],"wp:attachment":[{"href":"https:\/\/sielbra.com.br\/index.php?rest_route=%2Fwp%2Fv2%2Fmedia&parent=7"}],"curies":[{"name":"wp","href":"https:\/\/api.w.org\/{rel}","templated":true}]}}