{"id":9,"date":"2018-02-10T02:14:09","date_gmt":"2018-02-10T02:14:09","guid":{"rendered":"http:\/\/sielbra.com.br\/?page_id=9"},"modified":"2019-09-06T17:21:34","modified_gmt":"2019-09-06T17:21:34","slug":"cursos-livres","status":"publish","type":"page","link":"https:\/\/sielbra.com.br\/?page_id=9","title":{"rendered":"Cursos livres"},"content":{"rendered":"<div id=\"page\" class=\"hfeed site\">\n<div id=\"content\" class=\"site-content\">\n<div class=\"content-wrapper without-featured-image\">\n<div id=\"primary\" class=\"content-area\">\n<article id=\"post-48\" class=\"post-48 page type-page status-publish hentry without-featured-image\">\n<div class=\"entry-content\">\n<p><strong>ATUALIZA\u00c7\u00c3O E APRIMORAMENTO PROFISSIONAL E PESSOAL<\/strong><\/p>\n<h3><strong>ALIMENTA\u00c7\u00c3O &amp; SA\u00daDE<\/strong><\/h3>\n<p><strong>\uf0b7 DIA 14\/9\/2019 &#8211; O MERCADO DE INSETOS COMEST\u00cdVEIS NO BRASIL.<\/strong> Seja um fazendeiro de insetos em um mercado em crescimento, o agroneg\u00f3cio. Venha conhecer este tema com o prof.<strong> Cas\u00e9 Oliveira<\/strong>, biol\u00f3go da Associa\u00e7\u00e3o Brasileira dos Criadores de Insetos (ASBRACI) e Bugs Cook. <strong>Dura\u00e7\u00e3o:<\/strong> 8h. <strong>Investimento:<\/strong> R$ 350,00. Sempre aos s\u00e1bados, das 10h \u00e0s 12h, nos dias 14, 21, 28 de setembro e 5 de outubro.<\/p>\n<p><strong>\uf0b7 DIA 21\/9\/2019<\/strong><strong>\u00a0\u2013 O PODER E A ENERGIA DOS ALIMENTOS NATURAIS\u00a0<\/strong>\u2013\u00a0Saiba mais sobre o poder dos alimentos naturais, crus e vivos, o quanto podem ser saborosos, al\u00e9m de dicas para a obten\u00e7\u00e3o de melhor absor\u00e7\u00e3o dos nutrientes e da energia que se obt\u00e9m deles para conquistar uma vida mais longeva e saud\u00e1vel.\u00a0Com prof.\u00a0<strong>Davison Borges,<\/strong> pesquisador sobre nutri\u00e7\u00e3o, engenheiro eletr\u00f4nico (Faculdade de Engenharia Industrial-FEI), p\u00f3s-graduado em Telecomunica\u00e7\u00f5es (FEI) e em Administra\u00e7\u00e3o e Marketing (FECAP). Formado em acupuntura pelo Centro de Estudos e Acupuntura e Terapias Alternativas, especialista em radiestesia e radi\u00f4nica, palestrante sobre temas para o aprimoramento e desenvolvimento humano.\u00a0<strong>Dura\u00e7\u00e3o:<\/strong> 5h, sempre aos s\u00e1bados, das 15h \u00e0s 17h30, nos dias 21\/ e 28\/9.\u00a0<strong>Investimento:<\/strong> R$ 120,00.<\/p>\n<div><strong>EMPREENDEDORISMO &amp; NEG\u00d3CIOS<\/strong><\/div>\n<div><\/div>\n<div><strong>\uf0b7 A PARTIR DE 14\/9\/2019\u00a0\u2013 GEST\u00c3O ADMINISTRATIVA PARA EMPREENDEDORES COM FOCO EM PEQUENAS E M\u00c9DIAS EMPRESAS<\/strong><\/div>\n<\/div>\n<div class=\"entry-content\">\n<p>14\/9 \u2013 M\u00f3dulo 1:\u00a0<strong>Estrat\u00e9gia e modelagem de neg\u00f3cios 8h \u2013\u00a0<\/strong>Conhecimentos b\u00e1sicos sobre formula\u00e7\u00e3o de estrat\u00e9gia; implementa\u00e7\u00e3o e alinhamento da estrat\u00e9gia com vendas; modelagem de neg\u00f3cios.<\/p>\n<p>21\/9 \u2013 M\u00f3dulo 2:\u00a0<strong>Intelig\u00eancia financeira \u2013 8h \u2013<\/strong>\u00a0An\u00e1lise de balan\u00e7o patrimonial; an\u00e1lise DRE; capital de giro; fluxo de caixa; elabora\u00e7\u00e3o dos indicadores de performance essenciais; cuidado com os estoques.<\/p>\n<p>28\/9 \u2013 M\u00f3dulo 3:\u00a0<strong>Marketing \u2013 8h \u2013\u00a0<\/strong>An\u00e1lise\u00a0 de Portf\u00f3lio de produtos; canais de distribui\u00e7\u00e3o; segmenta\u00e7\u00e3o do mercado; servi\u00e7os.<\/p>\n<p>5\/10 \u2013 M\u00f3dulo 4:\u00a0<strong>Vendas \u2013 8h \u2013<\/strong>\u00a0Prospec\u00e7\u00e3o de clientes; forma\u00e7\u00e3o de pre\u00e7os; indicadores de performance.<\/p>\n<p>19\/10 \u2013 M\u00f3dulo 5:\u00a0<strong>Gest\u00e3o de opera\u00e7\u00f5es essenciais \u2013 8h \u2013\u00a0<\/strong>contrata\u00e7\u00e3o e treinamento de m\u00e3o de obra; l\u00f3gica dos investimentos, ciclo PDCA; cuidados com os aspectos legais; forma\u00e7\u00e3o de um pequeno Conselho.<\/p>\n<p><strong>INVESTIMENTO<\/strong>: 1 m\u00f3dulo \u2013 R$ 250,00. 3 m\u00f3dulos: R$ 600,00. 5 m\u00f3dulos: R$ 900,00<\/p>\n<p>Sempre aos s\u00e1bados, das 8h \u00e0s 12h e das 13h30 \u00e0s 17h30<\/p>\n<p>Com o prof.\u00a0<strong>Jorge Souza<\/strong>\u00a0\u2013 p\u00f3s-graduado em Administra\u00e7\u00e3o de Empresas (FAAP-SP); gradua\u00e7\u00e3o em Engenharia Agron\u00f4mica (UFPEL-RS); mais de 20 anos de experiencia na gest\u00e3o de neg\u00f3cios, modelos de neg\u00f3cios, marketing; vendas, R&amp;D e desenvolvimento e implementa\u00e7\u00e3o de estrat\u00e9gia. Experi\u00eancia com empresas\u00a0<em>start ups<\/em>\u00a0e tamb\u00e9m nas \u00e1reas de alimentos, pescados, agroqu\u00edmicos e sa\u00fade animal. Ex-diretor da Syngenta Agro, Novartis Seeds, Agro Sandoz, Shell Chemical e Dow Chemical Agro.\u00a0Profissional com mais de 30 anos de experi\u00eancia em: Desenvolvimento; Turnaround; Administra\u00e7\u00e3o financeira; Implementa\u00e7\u00e3o de novos neg\u00f3cios e estrat\u00e9gia administrativa.<\/p>\n<p><em>Em parceria com a FIJI \u2013 Consultoria e gest\u00e3o de neg\u00f3cios<\/em><\/p>\n<\/div>\n<\/article>\n<h3><strong>TECNOLOGIA &amp; COMUNICA\u00c7\u00c3O<\/strong><\/h3>\n<article id=\"post-48\" class=\"post-48 page type-page status-publish hentry without-featured-image\">\n<div class=\"entry-content\">\n<div class=\"entry-header\">\n<p><strong>\uf0b7 DIA\u00a021\/9\/2019, das 9h \u00e0s 12h &#8211; M\u00cdDIAS SOCIAIS NA PR\u00c1TICA: PRODU\u00c7\u00c3O DE CONTE\u00daDO PARA FACEBOOK E INSTAGRAM\u00a0<\/strong><strong>&#8211;<\/strong>\u00a0Trata-se de um curso r\u00e1pido voltado a profissionais liberais, pequenas &amp; micro empresas, aut\u00f4nomos e qualquer pessoa que queira compreender como funcionam as m\u00eddias digitais. O objetivo \u00e9 capacitar profissionais interessados em gerenciar e produzir conte\u00fado para redes sociais, com foco no Facebook e Instagram. Ao iniciar um empreendimento, nem sempre os empreendedores e profissionais diversos conseguem contratar uma ag\u00eancia ou profissionais que possam auxili\u00e1-los na produ\u00e7\u00e3o de conte\u00fado para os canais digitais do neg\u00f3cio. Por isso, o curso \u00e9 imprescind\u00edvel para quem busca aprender a trabalhar nessas plataformas e alavancar seus investimentos. Com <strong>Anna Jalloul<\/strong>, especialista em m\u00eddias sociais e em marketing, e <strong>Camila Grillo<\/strong>, jornalista, especialista em m\u00eddias sociais e gest\u00e3o da comunica\u00e7\u00e3o em m\u00eddias digitais e mestre em Estudos Culturais (USP).\u00a0<strong>Dura\u00e7\u00e3o:<\/strong>\u00a03h. <strong>Investimento:<\/strong>\u00a0100,00.<\/p>\n<p><strong>\uf0b7 A PARTIR DE OUTUBRO\/2019 &#8211;<\/strong>\u00a0<strong>CURSO DE ALGORITMOS &#8211;\u00a0<\/strong>Aprenda os princ\u00edpios b\u00e1sicos da Linguagem de Programa\u00e7\u00e3o como o\u00a0desenvolvimento da l\u00f3gica de programa\u00e7\u00e3o, princ\u00edpios, comandos at\u00e9 rotinas de repeti\u00e7\u00e3o mais complexas, finalizando com vetores e matrizes, tudo com exerc\u00edcios pr\u00e1ticos em visualg. <strong>CONTE\u00daDO:<\/strong>\u00a0Algoritmos e programa\u00e7\u00e3o;\u00a0Conceito de algoritmo;\u00a0Linguagem narrativa, fluxograma, linguagem algor\u00edtmica;\u00a0Fundamentos de programa\u00e7\u00e3o tipos, vari\u00e1veis, atribui\u00e7\u00e3o, entrada e sa\u00edda, estruturas condicionais e estruturas de repeti\u00e7\u00e3o;\u00a0Linguagens de programa\u00e7\u00e3o;\u00a0Recursividade: fun\u00e7\u00f5es recorrentes, recursividade e pilhas, algoritmos recursivos e iterativos;\u00a0Vetores e matrizes;\u00a0Registros: vetores com registros e registros com vetores. Com prof. Davisol Borges, engenheiro eletr\u00f4nico (Faculdade de Engenharia Industrial-FEI), p\u00f3s-graduado em Telecomunica\u00e7\u00f5es (FEI) e em Administra\u00e7\u00e3o e Marketing (Fecap). <strong>Dura\u00e7\u00e3o:<\/strong> total de 40h, em aulas divididas em dois dias, ou seja, dois meses de curso. <strong>Investimento:<\/strong> R$ 350,00 mensal; R$ 700,00, no total. O aluno necessita portar seu notebook para acesso aos programas e desenvolvimento de exerc\u00edcios.\u00a0<span style=\"color: black; font-family: Georgia; text-align: justify;\">\u00a0\u00a0<\/span><\/p>\n<h3><strong>APRIMORAMENTO PROFISSIONAL <\/strong><\/h3>\n<p><strong>PROJETOS DE INSTALA\u00c7\u00d5ES EL\u00c9TRICAS RESIDENCIAIS (B\u00c1SICO)\u00a0<\/strong>\u2013 O estudante ir\u00e1 aprender como projetar e dimensionar as cargas de l\u00e2mpadas, tomadas e cabos para cada ambiente, bem como a carga total necess\u00e1ria para uma resid\u00eancia, segundo as normas brasileiras NBR 5410, podendo rapidamente abrir campo para nova fonte de renda pessoal. Com prof. <strong>Davison Borges<\/strong>, engenheiro eletr\u00f4nico (Faculdade de Engenharia Industrial-FEI), p\u00f3s-graduado em Telecomunica\u00e7\u00f5es (FEI) e em Administra\u00e7\u00e3o e Marketing (FECAP).\u00a0<strong>Dura\u00e7\u00e3o:<\/strong> 20h. <strong>Investimento:<\/strong> R$ 350,00.<\/p>\n<\/div>\n<p><strong>Certificado:<\/strong>\u00a0concedido pela\u00a0<strong>SIELBRA \u2013 Sociedade Internacional de Educa\u00e7\u00e3o L\u00edbano-Brasileira<\/strong>\u00a0mediante 75% de presen\u00e7a e quita\u00e7\u00e3o do curso.<\/p>\n<p><strong>Informe-se sobre os demais cursos:<\/strong> sielbra.educacao@gmail.com ou sielbra@sielbra.com.br<\/p>\n<p><strong>\uf0b7 <a href=\"https:\/\/goo.gl\/juR39z\">ASSESSORIA DE IMPRENSA<\/a><\/strong><a href=\"https:\/\/goo.gl\/juR39z\"><strong>\u00a0: O QUE \u00c9 E COMO SE FAZ<\/strong><\/a><\/p>\n<p><strong>\uf0b7<\/strong><a href=\"https:\/\/sielbraeducacao.wordpress.com\/como-editar-na-pratica-oficina-de-producao-editorial\/?preview_id=196&amp;preview_nonce=54d7335657&amp;_thumbnail_id=-1&amp;preview=true\"><b>COMO EDITAR NA PR\u00c1TICA \u2013 OFICINA DE PRODU\u00c7\u00c3O EDITORIAL<\/b><\/a><\/p>\n<p><strong>\uf0b7 <a href=\"https:\/\/sielbraeducacao.wordpress.com\/assessoria-de-imprensa-redacao-pratica\/?preview_id=190&amp;preview_nonce=ed345d819f&amp;_thumbnail_id=-1&amp;preview=true\">ASSESSORIA DE IMPRENSA: REDA\u00c7\u00c3O PR\u00c1TICA<\/a><\/strong><\/p>\n<p><strong>\uf0b7 <a href=\"https:\/\/sielbraeducacao.wordpress.com\/gerenciamento-de-crise-e-media-training\/?preview_id=200&amp;preview_nonce=5ba182a83b&amp;_thumbnail_id=-1&amp;preview=true\">GERENCIAMENTO DE CRISE E MEDIA TRAINING<\/a><\/strong><\/p>\n<p><strong>\uf0b7 <\/strong>REDA\u00c7\u00c3O CRIATIVA EM COMUNICA\u00c7\u00c3O<\/p>\n<p>\uf0b7 REDA\u00c7\u00c3O EMPRESARIAL: COMO ESCREVER DE FORMA CLARA E PRECISA<\/p>\n<p>\uf0b7 PROJETOS DE ILUMINA\u00c7\u00c3O \u2013 20h<\/p>\n<p>\uf0b7 FUNDAMENTO DE REDES DE COMPUTADORES \u2013 40h (com computador)<\/p>\n<p>\uf0b7 REDES SEM FIO \u2013 20h (com computador)<\/p>\n<p>\uf0b7 ELETRICIDADE B\u00c1SICA \u2013 20h<\/p>\n<p>\uf0b7 MATEM\u00c1TICA B\u00c1SICA \u2013 20h<\/p>\n<p>\uf0b7 GEST\u00c3O DA CRISE DA IMAGEM CORPORATIVA<\/p>\n<p>\uf0b7 COMO FAZER UM PLANO DE COMUNICA\u00c7\u00c3O<\/p>\n<p>\uf0b7 GEST\u00c3O DE COMUNICA\u00c7\u00c3O<\/p>\n<p>\uf0b7 AS EMPRESAS E A SUSTENTABILIDADE<\/p>\n<p><strong><a href=\"https:\/\/sielbraeducacao.wordpress.com\/contato\/\">Tem interesse<\/a> em realizar algum de nossos pr\u00f3ximos cursos? Preencha <a href=\"https:\/\/sielbraeducacao.wordpress.com\/contato\/\">aqui<\/a> o formul\u00e1rio.<\/strong><\/p>\n<\/div>\n<\/article>\n<\/div>\n<\/div>\n<\/div>\n<\/div>\n","protected":false},"excerpt":{"rendered":"<p>ATUALIZA\u00c7\u00c3O E APRIMORAMENTO PROFISSIONAL E PESSOAL ALIMENTA\u00c7\u00c3O &amp; SA\u00daDE \uf0b7 DIA 14\/9\/2019 &#8211; O MERCADO DE INSETOS COMEST\u00cdVEIS NO BRASIL. Seja um fazendeiro de insetos em um mercado em crescimento, o agroneg\u00f3cio. Venha conhecer este tema com o prof. Cas\u00e9 Oliveira, biol\u00f3go da Associa\u00e7\u00e3o Brasileira dos Criadores de Insetos (ASBRACI) e Bugs Cook. Dura\u00e7\u00e3o: 8h. [&hellip;]<\/p>\n","protected":false},"author":1,"featured_media":0,"parent":0,"menu_order":0,"comment_status":"closed","ping_status":"closed","template":"","meta":{"footnotes":""},"class_list":["post-9","page","type-page","status-publish","hentry"],"_links":{"self":[{"href":"https:\/\/sielbra.com.br\/index.php?rest_route=\/wp\/v2\/pages\/9","targetHints":{"allow":["GET"]}}],"collection":[{"href":"https:\/\/sielbra.com.br\/index.php?rest_route=\/wp\/v2\/pages"}],"about":[{"href":"https:\/\/sielbra.com.br\/index.php?rest_route=\/wp\/v2\/types\/page"}],"author":[{"embeddable":true,"href":"https:\/\/sielbra.com.br\/index.php?rest_route=\/wp\/v2\/users\/1"}],"replies":[{"embeddable":true,"href":"https:\/\/sielbra.com.br\/index.php?rest_route=%2Fwp%2Fv2%2Fcomments&post=9"}],"version-history":[{"count":72,"href":"https:\/\/sielbra.com.br\/index.php?rest_route=\/wp\/v2\/pages\/9\/revisions"}],"predecessor-version":[{"id":718,"href":"https:\/\/sielbra.com.br\/index.php?rest_route=\/wp\/v2\/pages\/9\/revisions\/718"}],"wp:attachment":[{"href":"https:\/\/sielbra.com.br\/index.php?rest_route=%2Fwp%2Fv2%2Fmedia&parent=9"}],"curies":[{"name":"wp","href":"https:\/\/api.w.org\/{rel}","templated":true}]}}