{"id":1878,"date":"2024-01-30T20:31:05","date_gmt":"2024-01-30T20:31:05","guid":{"rendered":"https:\/\/sielbra.com.br\/?post_type=product&#038;p=1878"},"modified":"2025-12-15T02:41:40","modified_gmt":"2025-12-15T02:41:40","slug":"storytelling-nas-redes-socias","status":"publish","type":"product","link":"https:\/\/sielbra.com.br\/?product=storytelling-nas-redes-socias","title":{"rendered":"Storytelling, m\u00eddias sociais e experi\u00eancia do cliente"},"content":{"rendered":"<h2 class=\"post-title\">Storytelling, m\u00eddias sociais e experi\u00eancia do cliente<\/h2>\n<ul>\n<li class=\"has-luminous-vivid-amber-color has-black-background-color has-text-color has-background has-medium-font-size\"><strong>CONTE\u00daDO<\/strong><strong><br \/>\n<\/strong>Apresenta\u00e7\u00e3o geral do curso e introdu\u00e7\u00e3o ao storytelling; Constru\u00e7\u00e3o do storytelling aplicado \u00e0 marca<\/li>\n<li>Storytelling para experi\u00eancia do consumidor, estudo de caso e tend\u00eancias do mercado<\/li>\n<\/ul>\n<ul>\n<li><strong>OBJETIVO<br \/>\n<\/strong>Capacitar empreendedores e pessoas, que j\u00e1 tenham iniciado um trabalho nas plataformas de m\u00eddias sociais, para que possam construir hist\u00f3rias que envolvam a marca e seu p\u00fablico, bem como pensar em novos caminhos para a experi\u00eancia do consumidor.<\/li>\n<li><strong>METODOLOGIA E RECURSOS<br \/>\n<\/strong>Aulas expositivas com embasamentos te\u00f3rico e exemplos pr\u00e1ticos.<\/li>\n<li class=\"has-luminous-vivid-amber-color has-black-background-color has-text-color has-background has-medium-font-size\"><strong>P\u00daBLICO-ALVO<br \/>\n<\/strong>Empreendedores, estudantes e profissionais de diferentes \u00e1reas que utilizam as redes sociais digitais para neg\u00f3cios.<\/p>\n<p><strong>Importante:<\/strong> Necess\u00e1rio ter conhecimento em m\u00eddias sociais digitais.<\/p>\n<p class=\"has-luminous-vivid-amber-color has-black-background-color has-text-color has-background has-medium-font-size\"><strong>CARGA HOR\u00c1RIA:\u00a0<\/strong>INTENSIVO EM 6 HORAS, EM 2 ENCONTROS DE 3 HORAS CADA. nos dias 20 e 21\/1\/2025. DE FORMA REMOTA (on-line)<\/p>\n<p class=\"has-luminous-vivid-amber-color has-black-background-color has-text-color has-background has-medium-font-size\"><strong>INVESTIMENTO:<\/strong>\u00a0R$ 400,00 (pix, boleto ou cart\u00e3o)<\/p>\n<p class=\"has-luminous-vivid-amber-color has-black-background-color has-text-color has-background has-medium-font-size\"><strong>\u00c1REA TEM\u00c1TICA<\/strong>: M\u00eddias digitais, branding, Storytelling<\/p>\n<p class=\"has-luminous-vivid-amber-color has-black-background-color has-text-color has-background has-medium-font-size\"><strong>DOCENTE: MESTRE CAMILA GRILLO &#8211;<\/strong>Mestre no Programa Interdisciplinar de Estudos Culturais (titula\u00e7\u00e3o Filosofia) pela Escola de Artes, Ci\u00eancias e Humanidades da Universidade de S\u00e3o Paulo (EACH-USP, 2019), na linha de pesquisa: Cultura, Pol\u00edtica e Identidade. Especialista em Gest\u00e3o da Comunica\u00e7\u00e3o em M\u00eddias Digitais (SENAC\/SP, 2015). Graduada em Comunica\u00e7\u00e3o Social &#8211; Jornalismo (Universidade Paulista UNIP, 2012). Forma\u00e7\u00e3o t\u00e9cnica nos cursos de Habilita\u00e7\u00e3o Profissional de Ator (Funda\u00e7\u00e3o das Artes de S\u00e3o Caetano do Sul, FASCS, 2004) e Processamento de Dados (Argumento Objetivo,1998). Tem experi\u00eancia em Comunica\u00e7\u00e3o Digital (m\u00eddias sociais, marketing digital, estrat\u00e9gia e planejamento), gest\u00e3o de conte\u00fado e consultoria, atuando no mercado e na academia como docente. Trabalha com os temas: Cultura Digital, identidade, sujeito, discurso, sociedade, arte, lazer, entretenimento, m\u00eddias digitais e jornalismo.<\/p>\n<p><a href=\"https:\/\/sielbra.com.br\/wp-content\/uploads\/2023\/06\/Quadro-da-Camila.jpg\"><img loading=\"lazy\" decoding=\"async\" class=\"alignleft wp-image-1823 size-full\" src=\"https:\/\/sielbra.com.br\/wp-content\/uploads\/2023\/06\/Quadro-da-Camila.jpg\" alt=\"\" width=\"1080\" height=\"1080\" srcset=\"https:\/\/sielbra.com.br\/wp-content\/uploads\/2023\/06\/Quadro-da-Camila.jpg 1080w, https:\/\/sielbra.com.br\/wp-content\/uploads\/2023\/06\/Quadro-da-Camila-300x300.jpg 300w, https:\/\/sielbra.com.br\/wp-content\/uploads\/2023\/06\/Quadro-da-Camila-100x100.jpg 100w, https:\/\/sielbra.com.br\/wp-content\/uploads\/2023\/06\/Quadro-da-Camila-600x600.jpg 600w, https:\/\/sielbra.com.br\/wp-content\/uploads\/2023\/06\/Quadro-da-Camila-1024x1024.jpg 1024w, https:\/\/sielbra.com.br\/wp-content\/uploads\/2023\/06\/Quadro-da-Camila-150x150.jpg 150w, https:\/\/sielbra.com.br\/wp-content\/uploads\/2023\/06\/Quadro-da-Camila-768x768.jpg 768w\" sizes=\"auto, (max-width: 1080px) 100vw, 1080px\" \/><\/a><\/li>\n<\/ul>\n<p>&nbsp;<\/p>\n","protected":false},"excerpt":{"rendered":"<h2 class=\"post-title\">Storytelling, m\u00eddias sociais e experi\u00eancia do cliente<\/h2>\n<p><strong>CONTE\u00daDO<\/strong><\/p>\n<ol>\n<li>Apresenta\u00e7\u00e3o geral do curso e introdu\u00e7\u00e3o ao storytelling; Constru\u00e7\u00e3o do storytelling aplicado \u00e0 marca<strong><br \/>\n<\/strong><\/li>\n<li>Storytelling para experi\u00eancia do consumidor, estudo de caso e tend\u00eancias do mercado<\/li>\n<\/ol>\n<p><strong>CURSO LIVRE DE 6H DE DURA\u00c7\u00c3O COM DIREITO A CERTIFICADO<\/strong><\/p>\n","protected":false},"featured_media":2042,"comment_status":"open","ping_status":"closed","template":"","meta":[],"product_brand":[],"product_cat":[148],"product_tag":[154,151,155,153,152],"class_list":{"0":"post-1878","1":"product","2":"type-product","3":"status-publish","4":"has-post-thumbnail","6":"product_cat-sem-categoria","7":"product_tag-comunicacao","8":"product_tag-curso-livre","9":"product_tag-curso-rapido","10":"product_tag-midias-sociais","11":"product_tag-storytelling","13":"first","14":"instock","15":"sale","16":"taxable","17":"shipping-taxable","18":"purchasable","19":"product-type-simple"},"_links":{"self":[{"href":"https:\/\/sielbra.com.br\/index.php?rest_route=\/wp\/v2\/product\/1878","targetHints":{"allow":["GET"]}}],"collection":[{"href":"https:\/\/sielbra.com.br\/index.php?rest_route=\/wp\/v2\/product"}],"about":[{"href":"https:\/\/sielbra.com.br\/index.php?rest_route=\/wp\/v2\/types\/product"}],"replies":[{"embeddable":true,"href":"https:\/\/sielbra.com.br\/index.php?rest_route=%2Fwp%2Fv2%2Fcomments&post=1878"}],"wp:featuredmedia":[{"embeddable":true,"href":"https:\/\/sielbra.com.br\/index.php?rest_route=\/wp\/v2\/media\/2042"}],"wp:attachment":[{"href":"https:\/\/sielbra.com.br\/index.php?rest_route=%2Fwp%2Fv2%2Fmedia&parent=1878"}],"wp:term":[{"taxonomy":"product_brand","embeddable":true,"href":"https:\/\/sielbra.com.br\/index.php?rest_route=%2Fwp%2Fv2%2Fproduct_brand&post=1878"},{"taxonomy":"product_cat","embeddable":true,"href":"https:\/\/sielbra.com.br\/index.php?rest_route=%2Fwp%2Fv2%2Fproduct_cat&post=1878"},{"taxonomy":"product_tag","embeddable":true,"href":"https:\/\/sielbra.com.br\/index.php?rest_route=%2Fwp%2Fv2%2Fproduct_tag&post=1878"}],"curies":[{"name":"wp","href":"https:\/\/api.w.org\/{rel}","templated":true}]}}